{"id":1731,"date":"2019-07-01T07:47:46","date_gmt":"2019-07-01T07:47:46","guid":{"rendered":"http:\/\/grenzgaengertour2018.de\/?page_id=1731"},"modified":"2019-09-02T13:44:11","modified_gmt":"2019-09-02T13:44:11","slug":"literatur-und-links","status":"publish","type":"page","link":"https:\/\/grenzgaengertour2018.de\/?page_id=1731","title":{"rendered":"Literatur und Links"},"content":{"rendered":"\n<h6 class=\"wp-block-heading\" style=\"text-align:center\">Literatur (Auswahl)<\/h6>\n\n\n\n<p>Cornelius, Reiner\n(2014): Das Gr\u00fcne Band \u2013 Wandern im wilden Deutschland.1400 km von Tschechien\nbis zur Ostsee. M\u00fcnchen: Bruckmann<\/p>\n\n\n\n<h6 class=\"wp-block-heading\">Cramer, Michael (2017): Deutsch-Deutscher\nRadweg \u2013 Iron Curtain Trail. 2 From Hof to Szeged, 1.730 km. (Bikeline Radtourenb\u00fccher) (Englisch).\nRodlingersdorf (AT): Esterbauer<\/h6>\n\n\n\n<h6 class=\"wp-block-heading\">Esser, Stefan (2011): Radtouren am Gr\u00fcnen\nBand. In 32 Etappen von Tschechien bis zur Ostsee. Tourenrad- und\nMountainbikestrecken. M\u00fcnchen: Bruckmann<\/h6>\n\n\n\n<h6 class=\"wp-block-heading\">Europa-Radweg Eiserner Vorhang Deutsch-Deutscher Radweg\n(2015): Am Gr\u00fcnen Band &#8211; von L\u00fcbeck nach Hof (Bikeline Radtourenb\u00fccher).\nRodlingersdorf (AT): Esterbauer <\/h6>\n\n\n\n<h6 class=\"wp-block-heading\">Haertel, Anne (2018): Reisef\u00fchrer Gr\u00fcnes Band.\nAuf dem Fernwanderweg entlang der ehemaligen innerdeutschen Grenze. Berlin:\nTrescher<\/h6>\n\n\n\n<h6 class=\"wp-block-heading\">Kieling, Andreas (2011): Ein deutscher\nWandersommer. 1400 Kilometer durch unsere wilde Heimat. M\u00fcnchen: Piper<\/h6>\n\n\n\n<h6 class=\"wp-block-heading\">Kreutzkamp (2009), Dieter: Mitten durch\nDeutschland. Auf dem ehemaligen Grenzweg von der Ostsee bis nach Bayern.\nM\u00fcnchen: Malik<\/h6>\n\n\n\n<h6 class=\"wp-block-heading\">Scherzer, Landolf (2007): Grenz-G\u00e4nger. Berlin: Aufbau<\/h6>\n\n\n\n<h6 class=\"wp-block-heading\">Sellin, Fred (2009): Wenn der Vater mit dem\nSohn. Unsere Wanderung durch Deutschlands unbekannte Mitte. M\u00fcnchen: Piper<\/h6>\n\n\n\n<h6 class=\"wp-block-heading\">Stellenberger, Martin (2015): Grenzritt in Freiheit und\nFreundschaft. 1400 km entlang der ehemaligen innerdeutschen Grenze. Stockheim:\nWiesenburg<\/h6>\n\n\n\n<h6 class=\"wp-block-heading\">Wagner, Reinhard (2015): Da war Schluss!: Auf\ndem Gr\u00fcnen Band entlang der ehemaligen innerdeutschen Grenze. Norderstedt: BoD\n&#8211; Book on Demand<\/h6>\n\n\n\n<h1 class=\"wp-block-heading\">&nbsp;<\/h1>\n\n\n\n<p style=\"text-align:center\"><strong>LInks<\/strong> <strong>(Auswahl)<\/strong><\/p>\n\n\n\n<p>BUND: Erlebnis Gr\u00fcnes Band. Spurensuche in Wildnis und Geschichte (<a href=\"https:\/\/www.bund-naturschutz.de\/natur-und-landschaft\/gruenes-band\/erlebnis-gruenes-band.html\"><em>https:\/\/www.bund-naturschutz.de\/natur-und-landschaft\/gruenes-band\/erlebnis-gruenes-band.html<\/em><\/a>, 30.05.2019)<\/p>\n\n\n\n<p>BUND: Erlebnis Gr\u00fcnes Band. Spurensuche in Wildnis und Geschichte (<a href=\"https:\/\/www.bund-naturschutz.de\/natur-und-landschaft\/gruenes-band\/erlebnis-gruenes-band.html\"><em>https:\/\/www.bund-naturschutz.de\/natur-und-landschaft\/gruenes-band\/erlebnis-gruenes-band.html<\/em><\/a>, 30.05.2019)<\/p>\n\n\n\n<h6 class=\"wp-block-heading\">BUND: Gr\u00fcnes Band. Vom Todesstreifen zur Lebenslinie (https:\/\/www.bund-naturschutz.de\/natur-und-landschaft\/gruenes-band\/chronologie-vom-todesstreifen-zur-lebenslinie.html, 30.05.2019)<\/h6>\n\n\n\n<h6 class=\"wp-block-heading\">Bundesgrenzschutz (<a href=\"https:\/\/de.wikipedia.org\/wiki\/Bundesgrenzschutz\">https:\/\/de.wikipedia.org\/wiki\/Bundesgrenzschutz<\/a>,\n31.05.2019)<\/h6>\n\n\n\n<h6 class=\"wp-block-heading\">Grenzg\u00e4nger-Tour 2018. Reiseblog des\nAutors (http:\/\/www.grenzgaengertour2018.de, 30.05.2019)<\/h6>\n\n\n\n<h6 class=\"wp-block-heading\">Grenzsteintrophy. Ein Abenteuer mitten in Deutschland. <strong>Erfahrungsbericht von Waltraud Schulze<\/strong>,\n2010 (<a href=\"http:\/\/www.mountainbike-expedition-team.de\/GST\/GST2010.html\">http:\/\/www.mountainbike-expedition-team.de\/GST\/GST2010.html<\/a>,\n30.05.2019)<\/h6>\n\n\n\n<h6 class=\"wp-block-heading\">Grenztruppen der DDR (<a href=\"https:\/\/de.wikipedia.org\/wiki\/Grenztruppen_der_DDR\">https:\/\/de.wikipedia.org\/wiki\/Grenztruppen_der_DDR<\/a>,\n31.05.2019)<\/h6>\n\n\n\n<p>Grenztruppen der DDR. Webseite\nder Arbeitsgruppe Grenze der \u201eGesellschaft zur Rechtlichen und Humanit\u00e4ren\nUnterst\u00fctzung e.V.&#8220; &#8211; ehemalige DDR-Grenzsoldaten\n(www.grenztruppen-ddr.de, 31.05.2019)<\/p>\n\n\n\n<p><strong>Grenz\u00fcbergang Herleshausen (<\/strong><a href=\"http:\/\/www.grenzzaunlos.de\/index.htm\">http:\/\/www.grenzzaunlos.de\/index.htm<\/a><strong>, 31.05.2019)<\/strong><strong><\/strong><\/p>\n\n\n\n<h6 class=\"wp-block-heading\">Gr\u00fcnes Band (<a href=\"https:\/\/www.outdoorseiten.net\/wiki\/Gr%C3%BCnes_Band\">https:\/\/www.outdoorseiten.net\/wiki\/Gr%C3%BCnes_Band<\/a>,\n30.05.2019)<\/h6>\n\n\n\n<h6 class=\"wp-block-heading\">Gr\u00fcnes Band Deutschland: Rad-Reise-Wiki&nbsp;\n(<a href=\"https:\/\/radreise-wiki.de\/Gr%C3%BCnes_Band_Deutschland\">https:\/\/radreise-wiki.de\/Gr%C3%BCnes_Band_Deutschland<\/a>,\n30.05.2019)<\/h6>\n\n\n\n<h6 class=\"wp-block-heading\">Gr\u00fcnes Band Deutschland (<a href=\"https:\/\/de.wikipedia.org\/wiki\/Gr%C3%BCnes_Band_Deutschland\">https:\/\/de.wikipedia.org\/wiki\/Gr%C3%BCnes_Band_Deutschland<\/a>,\n30.05.2019)<\/h6>\n\n\n\n<h6 class=\"wp-block-heading\">Handlungsleitfaden f\u00fcr das Gr\u00fcne Band, hg. vom BUND Projektb\u00fcro Gr\u00fcnes\nBand, 2014 (<a href=\"https:\/\/www.bund.net\/fileadmin\/user_upload_bund\/publikationen\/gruenes_band\/gruenes_band_handlungsleitfaden.pdf\">https:\/\/www.bund.net\/fileadmin\/user_upload_bund\/publikationen\/gruenes_band\/gruenes_band_handlungsleitfaden.pdf<\/a>,\n30.05.2019)<\/h6>\n\n\n\n<h6 class=\"wp-block-heading\">Kleiner Grenzverkehr, ab 1972 (<a href=\"https:\/\/de.wikipedia.org\/wiki\/Kleiner_Grenzverkehr\">https:\/\/de.wikipedia.org\/wiki\/Kleiner_Grenzverkehr<\/a>,\n31.05.2019)<\/h6>\n\n\n\n<h6 class=\"wp-block-heading\">LEMO (Lebendiges Museum Online: Zeitstrahl Deutsche Einheit. 1989 (<a href=\"https:\/\/www.hdg.de\/lemo\/kapitel\/deutsche-einheit.html\">https:\/\/www.hdg.de\/lemo\/kapitel\/deutsche-einheit.html<\/a>,\n31.05.2019)<\/h6>\n\n\n\n<h6 class=\"wp-block-heading\">LEMO (Lebendiges Museum Online: Zeitstrahl Geteiltes Deutschland. 1949\n(<a href=\"https:\/\/www.hdg.de\/lemo\/kapitel\/geteiltes-deutschland.html\">https:\/\/www.hdg.de\/lemo\/kapitel\/geteiltes-deutschland.html<\/a>,\n31.05.2019)<\/h6>\n\n\n\n<p><strong>Mein Gr\u00fcnes Band. Stefan Reeg f\u00e4hrt mit dem E-Bike im August\/September 2019 von S\u00fcd nach Nord entlang der ehemaligen deutsch-deutschen Grenze. (<\/strong><a href=\"https:\/\/mein-gruenes-band.de\"><strong>https:\/\/mein-gruenes-band.de<\/strong><\/a><strong>, 02.09.2019)<\/strong><\/p>\n\n\n\n<p><strong>30 Jahre Gr\u00fcnes Band. Beatrix Flatt wandert seit Juli 2019 von S\u00fcd nach Nord entlang der ehemaligen deutsch-deutschen Grenze. (<\/strong><a href=\"https:\/\/www.30-jahre-gruenes-band.de\"><strong>https:\/\/www.30-jahre-gruenes-band.de<\/strong><\/a><strong>, 02.09.2019)<\/strong><\/p>\n","protected":false},"excerpt":{"rendered":"<p>Literatur (Auswahl) Cornelius, Reiner (2014): Das Gr\u00fcne Band \u2013 Wandern im wilden Deutschland.1400 km von Tschechien bis zur Ostsee. M\u00fcnchen: Bruckmann Cramer, Michael (2017): Deutsch-Deutscher Radweg \u2013 Iron Curtain Trail. 2 From Hof to Szeged, 1.730 km. (Bikeline Radtourenb\u00fccher) (Englisch). Rodlingersdorf (AT): Esterbauer Esser, Stefan (2011): Radtouren am Gr\u00fcnen Band. In 32 Etappen von Tschechien bis zur Ostsee. Tourenrad- und<\/p>\n","protected":false},"author":1,"featured_media":0,"parent":0,"menu_order":0,"comment_status":"closed","ping_status":"closed","template":"","meta":{"_exactmetrics_skip_tracking":false,"_exactmetrics_sitenote_active":false,"_exactmetrics_sitenote_note":"","_exactmetrics_sitenote_category":0,"footnotes":""},"_links":{"self":[{"href":"https:\/\/grenzgaengertour2018.de\/index.php?rest_route=\/wp\/v2\/pages\/1731"}],"collection":[{"href":"https:\/\/grenzgaengertour2018.de\/index.php?rest_route=\/wp\/v2\/pages"}],"about":[{"href":"https:\/\/grenzgaengertour2018.de\/index.php?rest_route=\/wp\/v2\/types\/page"}],"author":[{"embeddable":true,"href":"https:\/\/grenzgaengertour2018.de\/index.php?rest_route=\/wp\/v2\/users\/1"}],"replies":[{"embeddable":true,"href":"https:\/\/grenzgaengertour2018.de\/index.php?rest_route=%2Fwp%2Fv2%2Fcomments&post=1731"}],"version-history":[{"count":11,"href":"https:\/\/grenzgaengertour2018.de\/index.php?rest_route=\/wp\/v2\/pages\/1731\/revisions"}],"predecessor-version":[{"id":1824,"href":"https:\/\/grenzgaengertour2018.de\/index.php?rest_route=\/wp\/v2\/pages\/1731\/revisions\/1824"}],"wp:attachment":[{"href":"https:\/\/grenzgaengertour2018.de\/index.php?rest_route=%2Fwp%2Fv2%2Fmedia&parent=1731"}],"curies":[{"name":"wp","href":"https:\/\/api.w.org\/{rel}","templated":true}]}}