{"id":1751,"date":"2019-07-01T18:38:45","date_gmt":"2019-07-01T18:38:45","guid":{"rendered":"http:\/\/grenzgaengertour2018.de\/?page_id=1751"},"modified":"2019-07-12T10:53:42","modified_gmt":"2019-07-12T10:53:42","slug":"zeittafel","status":"publish","type":"page","link":"https:\/\/grenzgaengertour2018.de\/?page_id=1751","title":{"rendered":"Zeittafel"},"content":{"rendered":"\n<p><strong> Zeittafel deutsch-deutsche Grenze (Auswahl)<\/strong><\/p>\n\n\n\n<table class=\"wp-block-table\"><tbody><tr><td>\n  <strong>Datum<\/strong>\n  <strong>&nbsp;<\/strong>\n  <\/td><td>\n  <strong>Ereignis<\/strong>\n  <\/td><\/tr><tr><td>\n  01.09.1939\n  <\/td><td>\n  \u00dcberfall Hitler-Deutschlands auf Polen. Beginn des 2.\n  Weltkrieges\n  <\/td><\/tr><tr><td>\n  11.09.1944\n  <\/td><td>\n  <em>Londoner Protokoll.<\/em> Alliierte Siegerm\u00e4chte beschlie\u00dfen Teilung\n  Deutschlands nach Kriegsende\n  <\/td><\/tr><tr><td>\n  8.5.1945\n  <\/td><td>\n  Ende des 2. Weltkrieges. Niederlage Hitler-Deutschlands\n  <\/td><\/tr><tr><td>\n  1.8.1945\n  <\/td><td>\n  <em>Potsdamer\n  Konferenz.<\/em> Aufteilung Deutschlands in vier Besatzungszonen. Entnazifizierung\n  Deutschlands\n  <\/td><\/tr><tr><td>\n  17.08.1945\n  <\/td><td>\n  <em>Wanfrieder\n  Abkommen.<\/em> Gebietsaustausch zwischen US-amerikanischer und\n  Sowjetischer Besatzungszone. Bahnstrecke Bebra-G\u00f6ttingen verl\u00e4uft durchgehend\n  in der US-Besatzungszone (Hessen)\n  <\/td><\/tr><tr><td>\n  18.06.1948\n  <\/td><td>\n  W\u00e4hrungsreform. Einf\u00fchrung der D-Mark in den westlichen\n  Besatzungszonen\n  <\/td><\/tr><tr><td>\n  23.06.1948\n  <\/td><td>\n  Blockade der Zufahrtswege von den Westzonen nach\n  Berlin. Beginn der Luftbr\u00fccke nach Berlin\n  <\/td><\/tr><tr><td>\n  23. 5.1949\n  <\/td><td>\n  Verk\u00fcndigung des Grundgesetztes. Gr\u00fcndung der\n  Bundesrepublik Deutschland (BRD)\n  <\/td><\/tr><tr><td>\n  07.10.1949\n  <\/td><td>\n  Gr\u00fcndung der Deutschen Demokratischen Republik (DDR)\n  <\/td><\/tr><tr><td>\n  16.03.1951\n  <\/td><td>\n  Gr\u00fcndung des Bundesgrenzschutz\n  (BGS) in der BRD.\n  Hauptaufgabe: Sicherung der innerdeutschen Grenze \n  <\/td><\/tr><tr><td>\n  1951\/1952\n  <\/td><td>\n  Verhandlungen \u00fcber eine Westeurop\u00e4ische\n  Verteidigungsgemeinschaft. Die BRD tritt diesem Milit\u00e4rb\u00fcndnis bei und\n  ratifiziert den Vertrag am 26.\/27.05.1952\n  <\/td><\/tr><tr><td>\n  26.05.1952\n  <\/td><td>\n  DDR-Verordnung zur Sicherung der Demarkationslinie: 10\n  Meter breiter Kontrollstreifen mit Schutzzaun, 500 Meter breiter\n  Schutzstreifen und eine 5 Kilometer breite Sperrzone werden errichtet (BRD<em>: Eiserner Vorhang<\/em>)\n  <\/td><\/tr><tr><td>\n  Juni 1952\n  <\/td><td>\n  \u201eAktion Ungeziefer\u201c: Umsiedlung von\n  \u201evertrauensunw\u00fcrdigen\u201c Personen in das DDR-Hinterland\n  <\/td><\/tr><tr><td>\n  Mai 1952\n  <\/td><td>\n  Die seit 1946 in der Sowjetischen Besatzungszone\n  existierende Deutsche Grenzpolizei wird unter der Bezeichnung Deutsche Grenzpolizei\n  aufgestellt. \n  <\/td><\/tr><tr><td>\n  12.07.1952\n  <\/td><td>\n  Beginn der Kollektivierung der DDR-Landwirtschaft\n  (Landwirtschaftliche Produktionsgenossenschaften \u2013 LPG)\n  <\/td><\/tr><tr><td>\n  17.06.1953\n  <\/td><td>\n  Arbeiterproteste gegen wirtschaftliche Lage in der DDR\n  <\/td><\/tr><tr><td>\n  06.05.1955\n  <\/td><td>\n  BRD tritt der NATO (Nordatlantische Verteidigungsorganisation)\n  bei\n  <\/td><\/tr><tr><td>\n  14.05.1955\n  <\/td><td>\n  Unterzeichnung des \u201eVertrages \u00fcber Freundschaft,\n  Zusammenarbeit und gegenseitigen Beistand&#8220; durch die Sowjetunion, der\n  DDR, Albanien, Bulgarien, Polen, Rum\u00e4nien, Ungarn und der Tschechoslowakei in\n  Warschau \n  <\/td><\/tr><tr><td>\n  Nov. 1955\n  <\/td><td>\n  Gr\u00fcndung\n  der Bundeswehr (BRD)\n  <\/td><\/tr><tr><td>\n  Jan.1956\n  <\/td><td>\n  <em>Gesetz \u00fcber die Schaffung der Nationalen Volksarmee (DDR).\n  D<\/em>ie bereits bestehenden kasernierten Polizeieinheiten,\n  die <a href=\"https:\/\/de.wikipedia.org\/wiki\/Kasernierte_Volkspolizei\">Kasernierte\n  Volkspolizei<\/a>, bilden nun\n  formell die <a href=\"https:\/\/de.wikipedia.org\/wiki\/Nationale_Volksarmee\">Nationale\n  Volksarmee<\/a>. \n  <\/td><\/tr><tr><td>   Sept. 1961   <\/td><td>\n  Teilweise Verminung der Grenze und Errichtung von\n  Signalz\u00e4unen\n  <\/td><\/tr><tr><td>\n  Okt. 1961\n  <\/td><td>\n  \u201eAktion Kornblume\u201c: Umsiedlung von\n  \u201evertrauensunw\u00fcrdigen\u201c Personen in das DDR-Hinterland\n  <\/td><\/tr><tr><td>\n  10.09.1964\n  <\/td><td>\n  DDR-Rentner d\u00fcrfen zu Besuchen in die BRD fahren\n  <\/td><\/tr><tr><td>\n  01.01.1970\n  <\/td><td>\n  Beginn der Errichtung von Selbstschussanlagen (Abbau:\n  1983\/1984)\n  <\/td><\/tr><tr><td>\n  17.10.1972\n  <\/td><td>\n  Kleiner Grenzverkehr. Zusatzprotokoll zum\n  Verkehrsabkommen zwischen der Bundesrepublik Deutschland und der Deutschen\n  Demokratischen Republik tritt in Kraft. BRD-B\u00fcrger aus grenznahen Kreisen\n  k\u00f6nnen grenznahe DDR-Kreise besuchen. Zwangs- und Mindestumtausch\n  <\/td><\/tr><tr><td>\n  21.06.1973\n  <\/td><td>\n  Grundlagenvertrag BRD-DDR. Anerkennung DDR\n  <\/td><\/tr><tr><td>\n  1979-1989\n  <\/td><td>\n  Offizielle Ausreise von ca. 385.000 DDR-Staatsb\u00fcrgern\n  <\/td><\/tr><tr><td>\n  Nov. 1984\n  <\/td><td>\n  Beginn des Abbaus der Minenfelder, Selbstschussanlagen\n  und Hundelaufanlagen \u2013 Ergebnis eines Wirtschaftskredits der BRD an die DDR\n  (vermittelt durch F.J. Strauss)\n  <\/td><\/tr><tr><td>\n  1985\n  <\/td><td>\n  Sowjetunion: Mihail Gorbatschow wird\n  KpdSU-Generalsekret\u00e4r (\u201eGlasnost\u201c \u2013 Umbau). Schwindende Unterst\u00fctzung f\u00fcr die\n  DDR-F\u00fchrung durch die Sowjetunion\n  <\/td><\/tr><tr><td>\n  19.08.1989\n  <\/td><td>\n  \u201ePaneurop\u00e4isches Fr\u00fchst\u00fcck\u201c \u2013 \u00d6ffnung der Grenze zwischen\n  Ungarn und \u00d6sterreich\n  <\/td><\/tr><tr><td>\n  30.06.1989\n  <\/td><td>\n  An der innerdeutschen Grenze stehen 1.265 km Metallgitterzaun, 29,1 km\n  Betonsperrmauer, 71,5 km Hundelaufanlagen sowie 578 Betonbeobachtungst\u00fcrme. Der Kolonnenweg hat eine L\u00e4nge von\n  1339 km. \n  <\/td><\/tr><tr><td>\n  04.09.1989\n  <\/td><td>\n  Erste Montagsdemonstration in Leipzig. Massenproteste\n  der DDR-Bev\u00f6lkerung gegen die DDR-Regierung und die SED\n  <\/td><\/tr><tr><td>   30.09.1989   <\/td><td>   Au\u00dfenminister Genscher verk\u00fcndet Ausreise der DDR-Fl\u00fcchtlinge aus der Prager   Botschaft   <\/td><\/tr><tr><td>\n  18.10.1989\n  <\/td><td>\n  Absetzung Erich Honeckers als Generalsekret\u00e4r der SED\n  <\/td><\/tr><tr><td>   09.11.1989   <\/td><td>\n  Berlin:&nbsp; \u00d6ffnung der DDR-Grenze (\u201eFall der Mauer\u201c).\n  Von der DDR in die Bundesrepublik fl\u00fcchteten von 1949 bis zum Mauerfall\n  ungef\u00e4hr zwei Millionen Menschen; im selben Zeitraum siedelten etwa 200.000\n  Personen von der Bundesrepublik in die DDR \u00fcber. \n  <\/td><\/tr><tr><td>\n  09.12.1989\n  <\/td><td>\n  Hof: Gr\u00fcndungsversammlung des Gr\u00fcnen Bandes durch\n  Umweltsch\u00fctzer aus Ost und West\n  <\/td><\/tr><tr><td>\n  30.09.1990\n  <\/td><td>\n  Aufl\u00f6sung der DDR-Grenztruppen. Neben zahlreichen\n  Entlassungen wurden Teile der Grenztruppen in den BGS \u00fcbernommen bzw. von der\n  Bundeswehr als Zivilkr\u00e4fte in Rekultivierungskommandos zum Abbau der\n  innerdeutschen Grenzsperranlagen eingestellt.\n  <\/td><\/tr><tr><td>\n  03.10.1990\n  <\/td><td>\n  Deutsche\n  Wiedervereinigung\n  <\/td><\/tr><tr><td>\n  1993\/94\n  <\/td><td>\n  Minenr\u00e4umaktion. Grenzbereich ist wieder begehbar\n  <\/td><\/tr><tr><td>\n  1995\n  <\/td><td>\n  Europ\u00e4ischen Naturschutzjahr: Das Gr\u00fcne Band wird als\n  modellhaftes Naturschutzprojekt ausgezeichnet\n  <\/td><\/tr><tr><td>\n  April 1996\n  <\/td><td>\n  Das Bundesland Sachsen vollendet die\n  Unterschutzstellung des s\u00e4chsischen Gr\u00fcnen Bandes\n  <\/td><\/tr><tr><td>\n  1998\n  <\/td><td>\n  In N\u00fcrnberg entsteht das Projektb\u00fcro Gr\u00fcnes Band des BUND.\n  <\/td><\/tr><tr><td>\n  Juli 2003\n  <\/td><td>\n  Das Gr\u00fcne Band Europa wird offiziell ins Leben gerufen.\n  \n  <\/td><\/tr><tr><td>\n  29.09.2009\n  <\/td><td>\n  Bei der Novellierung des Bundesnaturschutzgesetztes\n  wird das Gr\u00fcne Band namentlich aufgenommen, als Bestandteil des nationalen\n  Biotopverbunds.\n  <\/td><\/tr><tr><td>\n  2014\n  <\/td><td>\n  Th\u00fcringer Koalitionsvertrag. Das Gr\u00fcne Band in\n  Th\u00fcringen soll Nationales Naturmonument werden.\n  <\/td><\/tr><tr><td>\n  Sept. 2019\n  <\/td><td>\n  Treffen von Gr\u00fcne Band Wanderer\/innen,\n  Fahrradfahrer\/innen und Reitern\/innen in Binde am Arendsee\n  <\/td><\/tr><\/tbody><\/table>\n\n\n\n<h1 class=\"wp-block-heading\">&nbsp;<\/h1>\n","protected":false},"excerpt":{"rendered":"<p>Zeittafel deutsch-deutsche Grenze (Auswahl) Datum &nbsp; Ereignis 01.09.1939 \u00dcberfall Hitler-Deutschlands auf Polen. Beginn des 2. Weltkrieges 11.09.1944 Londoner Protokoll. Alliierte Siegerm\u00e4chte beschlie\u00dfen Teilung Deutschlands nach Kriegsende 8.5.1945 Ende des 2. Weltkrieges. Niederlage Hitler-Deutschlands 1.8.1945 Potsdamer Konferenz. Aufteilung Deutschlands in vier Besatzungszonen. Entnazifizierung Deutschlands 17.08.1945 Wanfrieder Abkommen. Gebietsaustausch zwischen US-amerikanischer und Sowjetischer Besatzungszone. Bahnstrecke Bebra-G\u00f6ttingen verl\u00e4uft durchgehend in der US-Besatzungszone (Hessen)<\/p>\n","protected":false},"author":2,"featured_media":0,"parent":0,"menu_order":0,"comment_status":"closed","ping_status":"closed","template":"","meta":{"_exactmetrics_skip_tracking":false,"_exactmetrics_sitenote_active":false,"_exactmetrics_sitenote_note":"","_exactmetrics_sitenote_category":0,"footnotes":""},"_links":{"self":[{"href":"https:\/\/grenzgaengertour2018.de\/index.php?rest_route=\/wp\/v2\/pages\/1751"}],"collection":[{"href":"https:\/\/grenzgaengertour2018.de\/index.php?rest_route=\/wp\/v2\/pages"}],"about":[{"href":"https:\/\/grenzgaengertour2018.de\/index.php?rest_route=\/wp\/v2\/types\/page"}],"author":[{"embeddable":true,"href":"https:\/\/grenzgaengertour2018.de\/index.php?rest_route=\/wp\/v2\/users\/2"}],"replies":[{"embeddable":true,"href":"https:\/\/grenzgaengertour2018.de\/index.php?rest_route=%2Fwp%2Fv2%2Fcomments&post=1751"}],"version-history":[{"count":4,"href":"https:\/\/grenzgaengertour2018.de\/index.php?rest_route=\/wp\/v2\/pages\/1751\/revisions"}],"predecessor-version":[{"id":1792,"href":"https:\/\/grenzgaengertour2018.de\/index.php?rest_route=\/wp\/v2\/pages\/1751\/revisions\/1792"}],"wp:attachment":[{"href":"https:\/\/grenzgaengertour2018.de\/index.php?rest_route=%2Fwp%2Fv2%2Fmedia&parent=1751"}],"curies":[{"name":"wp","href":"https:\/\/api.w.org\/{rel}","templated":true}]}}