{"id":1845,"date":"2021-06-04T18:38:31","date_gmt":"2021-06-04T16:38:31","guid":{"rendered":"https:\/\/grenzgaengertour2018.de\/?page_id=1845"},"modified":"2021-06-04T19:04:44","modified_gmt":"2021-06-04T17:04:44","slug":"buch","status":"publish","type":"page","link":"https:\/\/grenzgaengertour2018.de\/?page_id=1845","title":{"rendered":"Buch"},"content":{"rendered":"\n<p style=\"font-size:24px\"><strong>Buchver\u00f6ffentlichung<\/strong><\/p>\n\n\n\n<div class=\"wp-block-image\"><figure class=\"aligncenter size-large\"><img loading=\"lazy\" decoding=\"async\" width=\"260\" height=\"388\" src=\"https:\/\/grenzgaengertour2018.de\/wp-content\/uploads\/2021\/06\/Buchtitel.jpg\" alt=\"\" class=\"wp-image-1858\" srcset=\"https:\/\/grenzgaengertour2018.de\/wp-content\/uploads\/2021\/06\/Buchtitel.jpg 260w, https:\/\/grenzgaengertour2018.de\/wp-content\/uploads\/2021\/06\/Buchtitel-201x300.jpg 201w\" sizes=\"(max-width: 260px) 100vw, 260px\" \/><figcaption>Heinrich Pingel, Grenzg\u00e4nger. <br>Mit dem E-Bike 1.500 km entlang des Gr\u00fcnen Bandes. <br>Eine lebensgeschichtliche Reise von Ost nach West und zur\u00fcck<\/figcaption><\/figure><\/div>\n\n\n\n<p class=\"has-text-align-left\"><strong>\u201eGrenzg\u00e4nger. Mit dem E-Bike 1.500 km entlang des Gr\u00fcnen Bandes. Eine lebensgeschichtliche Reise von Ost nach West und zur\u00fcck&#8220;<\/strong> (erschienen im Oktober 2019 im <a href=\"https:\/\/www.hober-verlag.de\/verlagsprogramm\/\">Hober-Verlag<\/a>, Detmold)<\/p>\n\n\n\n<p class=\"has-text-align-left\">Taschenbuch A5, 248 S., 128 S., illustriert, farbig. EUR: 14,99. ISBN: 978-3-947958-27-6<\/p>\n\n\n\n<p class=\"has-text-align-left\">Hardcover A5, 248 S., 128 S., illustriert, farbig. EUR: 19,99. ISBN 978-3-947958-28-3<\/p>\n\n\n\n<p class=\"has-text-align-left\"><a href=\"https:\/\/www.epubli.de\/shop\/buch\/Grenzg%C3%A4nger-Heinrich-Pingel-9783750293380\/96505\">Softcover. Taschenbuch (epubli)<\/a>, 248 S., 128 S., illustriert, schwarz-wei\u00df. EUR: 11,99. ISBN 978-3-750293-38-0<\/p>\n\n\n\n<hr class=\"wp-block-separator\"\/>\n\n\n\n<p style=\"font-size:24px\"><strong>Rezensionen<\/strong><\/p>\n\n\n\n<p>Rezension in der L\u00fcneburger Zeitung (8. November 2019):<\/p>\n\n\n\n<p><em>\u201eWer mag, kann die Strecke mit Heinrich Pingel fahren und nachlesen.\u201c<\/em><\/p>\n\n\n\n<p><\/p>\n\n\n\n<p><a href=\"https:\/\/www.nw.de\/lokal\/kreis_herford\/herford\/22609136_Ein-Herforder-radelt-1.500-Kilometer-entlang-der-deutsch-deutschen-Grenze.html\">Rezension in der Neuen Westf\u00e4lischen (9. November 2019)<\/a>:<\/p>\n\n\n\n<p><em>\u201eIn seinem Buch l\u00e4sst Pingel Landschaftsbeschreibungen, Erlebnisse, Begegnungen mit Menschen auf beiden Seiten der fr\u00fcheren Grenze und pers\u00f6nliche Erinnerungen einflie\u00dfen.\u201c<\/em><\/p>\n\n\n\n<p><\/p>\n\n\n\n<p>Rezension in den L\u00fcbecker Nachrichten (9\/10. November 2019):<\/p>\n\n\n\n<p>\u201eEine Reise in die Vergangenheit\u2026diese Welten miteinander zu verbinden.\u201c<\/p>\n\n\n\n<p><\/p>\n\n\n\n<p><a href=\"https:\/\/clanys-eichsfeld.blog\/lesenswert-eine-lebensgeschichtliche-reise-am-gruenen-band\/\">Clanys Eichsfeld Blog (16. Dezember 2019)<\/a>:<\/p>\n\n\n\n<p>\u201eEin \u00e4u\u00dferst kurzweiliges, spannendes und oft auch nachdenklich stimmendes Werk\u2026. Der Tagebuch-Charakter des Buches verleiht dem Ganzen eine sehr pers\u00f6nliche Note, l\u00e4sst Wetter und Anstrengungen der Tour mitf\u00fchlen, entschleunigt, erheitert und stimmt nachdenklich. Informativ und lesenswert.\u201c<\/p>\n\n\n\n<p><\/p>\n\n\n\n<p><a href=\"https:\/\/www.mainpost.de\/regional\/rhoengrabfeld\/mit-dem-e-bike-auf-eine-reise-in-die-eigene-vergangenheit-art-10391339\">Rezension in der MainPost (21. Januar 2020)<\/a>:<\/p>\n\n\n\n<p><em>\u201eMit seinem Grenzg\u00e4nger-Buch m\u00f6chte Heinrich Pingel auch Interesse wecken f\u00fcr m\u00f6glichst umweltfreundliches Reisen: \u201eAngesichts des immer deutlicher werdenden Klimawandels sollte der Blick verst\u00e4rkt auf das Reisen mit dem Fahrrad gelegt werden\u201c, meint er.\u201c<\/em><\/p>\n\n\n\n<p><\/p>\n\n\n\n<p>Frankfurter Allgemeine Zeitung. FAZ (26. M\u00e4rz 2020):<\/p>\n\n\n\n<p>\u201e<em>Am Ende begreift man vor allem, von welch biographischen Bedeutung eine solch m\u00fchsame Reise durch die Geschichte des eigenen Landes ist. Und dass solche Abenteuer auch im fortgeschrittenen Alter m\u00f6glich sind \u2013 dank des Zusatzmotors, der die vielen Anstiege zu bew\u00e4ltigen hilft.\u201c<\/em><\/p>\n\n\n\n<hr class=\"wp-block-separator\"\/>\n\n\n\n<p style=\"font-size:24px\"><strong>Artikel<\/strong><\/p>\n\n\n\n<p><strong>\u201cMit dem Elektro-Bike 1.400 Kilometer entlang des Gr\u00fcnen Bandes\u201c<\/strong> in:  <a href=\"https:\/\/www.naturfreunde.de\/mit-dem-elektro-bike-1400-kilometer-entlang-des-gruenen-bandes\">NATURFREUNDiN, 1\/2019<\/a><\/p>\n\n\n\n<p><\/p>\n","protected":false},"excerpt":{"rendered":"<p>Buchver\u00f6ffentlichung \u201eGrenzg\u00e4nger. Mit dem E-Bike 1.500 km entlang des Gr\u00fcnen Bandes. Eine lebensgeschichtliche Reise von Ost nach West und zur\u00fcck&#8220; (erschienen im Oktober 2019 im Hober-Verlag, Detmold) Taschenbuch A5, 248 S., 128 S., illustriert, farbig. EUR: 14,99. ISBN: 978-3-947958-27-6 Hardcover A5, 248 S., 128 S., illustriert, farbig. EUR: 19,99. ISBN 978-3-947958-28-3 Softcover. Taschenbuch (epubli), 248 S., 128 S., illustriert, schwarz-wei\u00df.<\/p>\n","protected":false},"author":1,"featured_media":0,"parent":0,"menu_order":0,"comment_status":"closed","ping_status":"closed","template":"","meta":{"_exactmetrics_skip_tracking":false,"_exactmetrics_sitenote_active":false,"_exactmetrics_sitenote_note":"","_exactmetrics_sitenote_category":0,"footnotes":""},"_links":{"self":[{"href":"https:\/\/grenzgaengertour2018.de\/index.php?rest_route=\/wp\/v2\/pages\/1845"}],"collection":[{"href":"https:\/\/grenzgaengertour2018.de\/index.php?rest_route=\/wp\/v2\/pages"}],"about":[{"href":"https:\/\/grenzgaengertour2018.de\/index.php?rest_route=\/wp\/v2\/types\/page"}],"author":[{"embeddable":true,"href":"https:\/\/grenzgaengertour2018.de\/index.php?rest_route=\/wp\/v2\/users\/1"}],"replies":[{"embeddable":true,"href":"https:\/\/grenzgaengertour2018.de\/index.php?rest_route=%2Fwp%2Fv2%2Fcomments&post=1845"}],"version-history":[{"count":2,"href":"https:\/\/grenzgaengertour2018.de\/index.php?rest_route=\/wp\/v2\/pages\/1845\/revisions"}],"predecessor-version":[{"id":1859,"href":"https:\/\/grenzgaengertour2018.de\/index.php?rest_route=\/wp\/v2\/pages\/1845\/revisions\/1859"}],"wp:attachment":[{"href":"https:\/\/grenzgaengertour2018.de\/index.php?rest_route=%2Fwp%2Fv2%2Fmedia&parent=1845"}],"curies":[{"name":"wp","href":"https:\/\/api.w.org\/{rel}","templated":true}]}}