{"id":1846,"date":"2021-06-04T18:38:31","date_gmt":"2021-06-04T16:38:31","guid":{"rendered":"https:\/\/grenzgaengertour2018.de\/?page_id=1846"},"modified":"2026-02-21T13:50:20","modified_gmt":"2026-02-21T12:50:20","slug":"lesungen","status":"publish","type":"page","link":"https:\/\/grenzgaengertour2018.de\/?page_id=1846","title":{"rendered":"Vortr\u00e4ge \/ Lesungen"},"content":{"rendered":"\n<p>Es geht wieder los. Nachdem 2020 und 2021 einige geplante Lesungen mit Bildervortrag coronabedingt abgesagt werden mussten. Vielen Dank an alle, die vor Ort in die Organisation der Veranstaltungen involviert waren. Hier nun die n\u00e4chsten Termine:<\/p>\n\n\n\n<p><\/p>\n\n\n\n<p><strong>N\u00e4chste Termine: <\/strong><\/p>\n\n\n\n<p><strong>Datum: 5. M\u00e4rz 2026, 20.00 Uhr              Ort: 74321 Bietigheim-Bissingen, Fischerpfadd 36  (<strong>TSV-Gastst\u00e4tte<\/strong><\/strong>)<strong>            Veranstalter: BUND Kreivereinigung Ludwigsburg<\/strong> <\/p>\n\n\n\n<p><strong>Datum<\/strong>:<strong> 8. M\u00e4rz 2026,<\/strong> <strong>10.00 Uhr                Ort: Levershausen, 37154 Northeim (Golfrestaurant Sachsenross)                       Veranstalter: Landfrauen Wulften<\/strong> <\/p>\n\n\n\n<p>                        <\/p>\n\n\n\n<div class=\"wp-block-group is-vertical is-layout-flex wp-container-core-group-layout-1 wp-block-group-is-layout-flex\">\n<p><\/p>\n\n\n\n<p><\/p>\n\n\n\n<p> <strong>Durchgef\u00fchrte Termine:<\/strong><\/p>\n\n\n\n<p>Datum: <strong>7. November 2024<\/strong>, 19.00 UHr            Ort: <strong>09112 Chemnitz<a href=\"https:\/\/www.bund-chemnitz.de\/service\/termine\/detail\/event\/vortrag-grenzgaengertour-mit-dem-e-bike-1500km-entlang-des-gruenen-bandes\/\" data-type=\"link\" data-id=\"https:\/\/www.bund-chemnitz.de\/service\/termine\/detail\/event\/vortrag-grenzgaengertour-mit-dem-e-bike-1500km-entlang-des-gruenen-bandes\/\">,<\/a><\/strong> Henriettenstr. 5 (Umweltzentrum) &#8211; Veranstalter: BUND Chemnitz &#8211; <a href=\"https:\/\/www.bund-chemnitz.de\/service\/termine\/detail\/event\/vortrag-grenzgaengertour-mit-dem-e-bike-1500km-entlang-des-gruenen-bandes\/\" data-type=\"link\" data-id=\"https:\/\/www.bund-chemnitz.de\/service\/termine\/detail\/event\/vortrag-grenzgaengertour-mit-dem-e-bike-1500km-entlang-des-gruenen-bandes\/\">Ank\u00fcndigung        <\/a><\/p>\n\n\n\n<p>Datum: <strong>6. November 2024<\/strong>, 19.00 Uhr             Ort: <strong>04288 Leipzig-Holzhause<\/strong>n, Zuckelhausener Ring 17  &#8211; Berggut Holzhausen      Veranstalter: BUND Leipzig S\u00fcdost &#8211; <a href=\"https:\/\/www.berggut.de\/veranstaltungen\/aktuelle-veranstaltungen\/aktuell-detail\/termin\/2024\/november\/06\/\/30-jahre-gruenes-band\" data-type=\"link\" data-id=\"https:\/\/www.berggut.de\/veranstaltungen\/aktuelle-veranstaltungen\/aktuell-detail\/termin\/2024\/november\/06\/\/30-jahre-gruenes-band\">Ank\u00fcndigung<\/a>, <a href=\"https:\/\/www.bund-leipzig.de\/service\/termine-bund-leipzig\/detail\/event\/wo-geschichte-natur-schreibt-vortrag-zum-gruenen-band\/\" data-type=\"link\" data-id=\"https:\/\/www.bund-leipzig.de\/service\/termine-bund-leipzig\/detail\/event\/wo-geschichte-natur-schreibt-vortrag-zum-gruenen-band\/\">Ank\u00fcndigung<\/a><\/p>\n<\/div>\n\n\n\n<p>Datum:<strong> 05. November  2024 <\/strong>, 19.00 Uhr         Ort:  <strong>02826 G\u00f6rlitz<\/strong>, Conrad-Schied-Stra\u00dfe 23   (RABRYKA) &#8211; Veranstalter: BUND G\u00f6rlitz &#8211;<a href=\"https:\/\/bund-goerlitz.de\/event\/vortrag-grenzgaenger-mit-dem-fahrrad-entlang-des-gruenen-bandes\/\"> Ank\u00fcndigung<\/a><\/p>\n\n\n\n<p>Datum: <strong>30. Oktober 2024<\/strong>, 19.00 Uhr               Ort: <strong>65824 Schwalbach am Taunus<\/strong>, Marktplatz 1  B\u00fcrgerhaus Gruppenraum 7\/8        Veranstalter: BUND Schwalbach-Eschborn . <a href=\"https:\/\/schwalbacher-zeitung.de\/2024\/10\/14\/eine-lebensgeschichtliche-reise\/\">Ank\u00fcndigung    <\/a>(https:\/\/schwalbacher-zeitung.de\/2024\/10\/14\/eine-lebensgeschichtliche-reise\/)<\/p>\n\n\n\n<p>Datum: <strong>28. Oktober 2024<\/strong>, 19.00 Uhr Ort: <strong>67117 Limburgerhof<\/strong>, Albert-Schweitzer-Stra\u00dfe <em>7a<\/em> &#8211; Albert-Schweitzer-Haus Veranstalter: BUND Kreisgruppe Rhein-Pfalz-Kreis. <strong><a href=\"https:\/\/rhein-pfalz.bund-rlp.de\/service\/termine\/detail\/event\/grengaengertour-2018-multimedialer-votrag\/\">Ank\u00fcndigung<\/a><\/strong><\/p>\n\n\n\n<p>atum: <strong>25. Oktober 2024<\/strong>, 18.00 Uhr               Ort: <strong>37073 G\u00f6ttingen<\/strong> &#8211; Bahnhofsallee 7, 37081 G\u00f6ttingen (VHS)      Veranstalter: BUND Kreisgruppe G\u00f6ttingen &#8211;<a href=\"https:\/\/www.bund-goettingen.de\/service\/termine\/detail\/event\/multimedialer-vortrag-gruenes-band\/\"> Ank\u00fcndigung<\/a><\/p>\n\n\n\n<p>Datum: 10. Oktober 2024, 19.00 Uhr               Ort:  <strong>65589 Hadamar<\/strong>, Freiherr-vom-Stein-Stra\u00dfe (F\u00fcrst-Johann-Ludwig-Schule)   Veranstalter: BUND Limburg-Weilburg &#8211; <a href=\"http:\/\/www.bund-limburg-weilburg.de\/cgi-bin\/termine.cgi\" data-type=\"link\" data-id=\"http:\/\/www.bund-limburg-weilburg.de\/cgi-bin\/termine.cgi\">Anl\u00fcndigung<\/a><\/p>\n\n\n\n<p>Datum: 9. Okotber 2024, 19.00 Uhr                 Ort: <strong>23352 L\u00fcbeck , Musterbahn 8<\/strong> &#8211; Museum f\u00fcr Natur und Umwelt                                                         Veranstalter: BUND L\u00fcbeck im Verbund mit dem Museum f\u00fcr Natur und Umwelt.<a href=\"https:\/\/www.bund-luebeck.de\/service\/termine\/detail\/event\/grenzgaenger-mit-dem-e-bike-1500-km-auf-dem-gruenen-band-eine-lebensgeschichtliche-reise-von-ost-nach-west-und-zurueck\/\" data-type=\"link\" data-id=\"https:\/\/www.bund-luebeck.de\/service\/termine\/detail\/event\/grenzgaenger-mit-dem-e-bike-1500-km-auf-dem-gruenen-band-eine-lebensgeschichtliche-reise-von-ost-nach-west-und-zurueck\/\"> Ank\u00fcndigung<\/a><\/p>\n\n\n\n<p>Datum: 8. Oktober 2024, 19.00 Uhr       Ort:  <strong>24211 Preetz,<\/strong> Hufenweg 5 (Schulen, Mensa) &#8211;        Veranstalter: BUND Kreisgruppe Pl\u00f6n und VHS.<a href=\"https:\/\/vhs-preetz.de\/startseite\/vortraege-und-lesungen\"> Ank\u00fcndigung<\/a><\/p>\n\n\n\n<p>Datum: 13. Juni 2024, 19.00 Uhr        Ort:  <strong>32657 Lemgo,<\/strong> Kastanienwall 7-9  &#8211; AWO Kastanienhaus am Wall           Veranstalter: BUND Lemgo <\/p>\n\n\n\n<p>Datum: 6. Juni 2024, 19.30 Uhr                Ort: 32052<strong> Herford<\/strong>, M\u00fcnsterkirchplatz 1, &#8211; VHS Herford                                Veranstalter: BUND Herford <strong>&#8211;<a href=\"https:\/\/email.t-online.de\/em?wdycf=www.t-online.de#searchString=Beinhaltet%3Abund%3BPrio%3AINBOX&amp;method=inboxSearch\" data-type=\"link\" data-id=\"https:\/\/email.t-online.de\/em?wdycf=www.t-online.de#searchString=Beinhaltet%3Abund%3BPrio%3AINBOX&amp;method=inboxSearch\"> <\/a><a href=\"file:\/\/\/C:\/Users\/Henner\/Downloads\/Vortrag-Gr%C3%BCnes%20Band.pdf\">Ank\u00fcndigung<\/a><\/strong><\/p>\n\n\n\n<p>Datum: 15. Mai 2024, 19.00 Uhr              Ort:  <strong>45657 Recklinghausen<\/strong>, Breite Stra\u00dfe 15 &#8211; ADFC Gesch\u00e4ftsstelle , Treffpunkt Klima und Mobilit\u00e4t             Veranstalter: ADFC KV Recklinghausen   &#8211;  <a href=\"https:\/\/recklinghausen.adfc.de\/neuigkeit\/grenzgaengertour\" data-type=\"link\" data-id=\"https:\/\/recklinghausen.adfc.de\/neuigkeit\/grenzgaengertour\">Ank\u00fcndigung<\/a><\/p>\n\n\n\n<p>Datum :    29.April 2024, 14.30 &#8211; 16.00 Uhr      Ort:  <strong>09599 Freiberg i.S.<\/strong> TU Bergakademie Freiberg, Schlossplatzquartier, R. 1302     Veranstalter:  Institut f\u00fcr Wirtschafts- und Technikgeschichte &#8211; Studium Generale. <a href=\"https:\/\/www.freiberg.de\/leben-und-freizeit\/ausgehen-und-freizeit\/veranstaltungen\/details\/allgemeine-umweltgeschichte-welterbe-gruenes-band-mit-dem-e-bike-1500-km-auf-dem-gruenen-band\" data-type=\"link\" data-id=\"https:\/\/www.freiberg.de\/leben-und-freizeit\/ausgehen-und-freizeit\/veranstaltungen\/details\/allgemeine-umweltgeschichte-welterbe-gruenes-band-mit-dem-e-bike-1500-km-auf-dem-gruenen-band\">Ank\u00fcndigung<\/a><\/p>\n\n\n\n<p><strong>D<\/strong>atum&nbsp;&nbsp;&nbsp;&nbsp;&nbsp;&nbsp;17. April 2024&nbsp;&nbsp;, 19.00 Uhr&nbsp;&nbsp;&nbsp;&nbsp;&nbsp;&nbsp;&nbsp;&nbsp;&nbsp;&nbsp;&nbsp;&nbsp; Ort&nbsp;&nbsp;&nbsp;&nbsp;&nbsp;&nbsp;<strong>38642 Goslar, <\/strong>Talstr.30&nbsp;&nbsp;&nbsp;&#8211; Gastst\u00e4tte Fl\u00f6\u00dferstube&nbsp;&nbsp;&nbsp;&nbsp;&nbsp;&nbsp;&nbsp;&nbsp;&nbsp;&nbsp;&nbsp;&nbsp;&nbsp;&nbsp;&nbsp;&nbsp; Veranstalter  BUND-Regionalverband Westharz. <a href=\"https:\/\/www.facebook.com\/photo?fbid=805452898287066&amp;set=pcb.805452931620396&amp;locale=de_DE\" data-type=\"link\" data-id=\"https:\/\/www.facebook.com\/photo?fbid=805452898287066&amp;set=pcb.805452931620396&amp;locale=de_DE\">Ankndigungstext facebook<\/a><\/p>\n\n\n\n<p>17. Juli 2022, 13 Uhr&nbsp;&nbsp;&nbsp;<strong>Frankfurt am Main,<\/strong> EUROBIKE CITY (Fahrradmesse) Mainkai B\u00fchne Mainkai 36 (<a href=\"https:\/\/www.eurobike.com\/de\/programm-highlights\/neuheiten-2022\/eurobike-2022-ubersicht\/\">https:\/\/www.eurobike.com\/de\/programm-highlights\/neuheiten-2022\/eurobike-2022-ubersicht\/<\/a>)<\/p>\n\n\n\n<p><strong>Programmank\u00fcndigung:<\/strong>  <a href=\"https:\/\/eurobike.com\/de\/event-detail\/925\">https:\/\/eurobike.com\/de\/event-detail\/925<\/a><br><\/p>\n\n\n\n<p><\/p>\n\n\n\n<p>10. Juni 2022&nbsp;&nbsp;&nbsp;&nbsp;&nbsp;&nbsp;&nbsp;&nbsp;&nbsp;&nbsp;&nbsp;&nbsp;&nbsp;&nbsp;&nbsp;&nbsp;&nbsp; <strong>Bad Salzuflen-Sch\u00f6tmar<\/strong>, Garten der \u00d6ffentlichen Begegnungsst\u00e4tte, Am Kirchplatz<br>Beginn: 19:00 Uhr (<a href=\"https:\/\/www.stadtradeln.de\/kreis-lippe\">https:\/\/www.stadtradeln.de\/kreis-lippe<\/a>)<\/p>\n\n\n\n<p>06. Mai 2022&nbsp;&nbsp;&nbsp;&nbsp;&nbsp;&nbsp;&nbsp;&nbsp;&nbsp;&nbsp;&nbsp;&nbsp;&nbsp;&nbsp;&nbsp;&nbsp;&nbsp;&nbsp; <strong>Bielefeld<\/strong>, Naturfreunde (<a href=\"http:\/\/naturfreunde-bielefeld.de\/\">http:\/\/naturfreunde-bielefeld.de\/<\/a>)<br>Beginn: 19.00 Uhr<\/p>\n\n\n\n<p>28. April 2022&nbsp;&nbsp;&nbsp;&nbsp;&nbsp;&nbsp;&nbsp;&nbsp;&nbsp;&nbsp;&nbsp;&nbsp;&nbsp;&nbsp;&nbsp;&nbsp;&nbsp; <strong>Herford,<\/strong> Kreuzkirche (<a href=\"https:\/\/www.kirchenkreis-herford.de\/gemeinden\/region-herford\/herford-kreuz\/\">https:\/\/www.kirchenkreis-herford.de\/gemeinden\/region-herford\/herford-kreuz\/<\/a>)           Beginn: 10.00 Uhr       <sup>Feedback: <a href=\"https:\/\/grenzgaengertour2018.de\/wp-content\/uploads\/2022\/06\/grenzggembrhf.pdf\">https:\/\/grenzgaengertour2018.de\/wp-content\/uploads\/2022\/06\/grenzggembrhf.pdf<\/a><\/sup><\/p>\n\n\n\n<p>22. M\u00e4rz 2022&nbsp;&nbsp;&nbsp;&nbsp;&nbsp;&nbsp;&nbsp;&nbsp;&nbsp;&nbsp;&nbsp;&nbsp;&nbsp;&nbsp;&nbsp;&nbsp; <strong>Bad Hersfeld,<\/strong> Mehrgenerationenhaus (<a href=\"https:\/\/www.dippelmuehle.de\/\">https:\/\/www.dippelmuehle.de\/<\/a>)<br>Beginn: 18.30. Auch als hybride Veranstaltung vorgesehen<\/p>\n\n\n\n<p><strong>2021<\/strong><\/p>\n\n\n\n<p>20. Oktober 2021&nbsp;&nbsp;&nbsp;&nbsp;&nbsp;&nbsp;&nbsp;&nbsp;&nbsp;&nbsp; Celle&nbsp;&nbsp;&nbsp;&nbsp;&nbsp;&nbsp;&nbsp;&nbsp;&nbsp;&nbsp;&nbsp;&nbsp;&nbsp;&nbsp;&nbsp;&nbsp;&nbsp;&nbsp;&nbsp;&nbsp;&nbsp;&nbsp;&nbsp;&nbsp;&nbsp;&nbsp;&nbsp;&nbsp;&nbsp;&nbsp;&nbsp;&nbsp;&nbsp;&nbsp;&nbsp;&nbsp;&nbsp;&nbsp;&nbsp;&nbsp;&nbsp;&nbsp;&nbsp;&nbsp;&nbsp;&nbsp;&nbsp;&nbsp;&nbsp;&nbsp;&nbsp;&nbsp;&nbsp;&nbsp;&nbsp;&nbsp;&nbsp;&nbsp;&nbsp;&nbsp;&nbsp; VHS Celle <br><a href=\"https:\/\/www.facebook.com\/pages\/category\/High-School\/Volkshoc\"><\/a><a href=\"https:\/\/www.facebook.com\/pages\/category\/High-School\/Volkshochschule-Celle-332769336779598\/\">https:\/\/www.facebook.com\/pages\/category\/High-School\/Volkshochschule-Celle-332769336779598\/<\/a><\/p>\n\n\n\n<p>23. November 2021&nbsp;&nbsp;&nbsp;&nbsp;&nbsp;&nbsp; Herford&nbsp;&nbsp;&nbsp;&nbsp;&nbsp;&nbsp;&nbsp;&nbsp;&nbsp;&nbsp;&nbsp;&nbsp;&nbsp;&nbsp;&nbsp;&nbsp;&nbsp;&nbsp;&nbsp;&nbsp;&nbsp;&nbsp;&nbsp;&nbsp;&nbsp;&nbsp;&nbsp;&nbsp;&nbsp;&nbsp;&nbsp;&nbsp;&nbsp;&nbsp;&nbsp;&nbsp;&nbsp;&nbsp;&nbsp;&nbsp;&nbsp;&nbsp;&nbsp;&nbsp;&nbsp;&nbsp;&nbsp;&nbsp;&nbsp;&nbsp;&nbsp;&nbsp;&nbsp;&nbsp;&nbsp;&nbsp;&nbsp;Haus unter den Linden (HUDL), 19.00 Uhr<br><a href=\"https:\/\/hudl.herford.de\/Kurzmen%C3%BC\/Startseite\/Bildervortrag-Mit-dem-E-Bike-1-500-km-auf-dem-gr%C3%BCnen-Band-.php?object=tx,3216.3.1&amp;ModID=11&amp;FID=3216.158.1&amp;NavID=3216.1&amp;La=1\">https:\/\/hudl.herford.de\/Kurzmen%C3%BC\/Startseite\/Bildervortrag-Mit-dem-E-Bike-1-500-km-auf-dem-gr%C3%BCnen-Band-.php?object=tx,3216.3.1&amp;ModID=11&amp;FID=3216.158.1&amp;NavID=3216.1&amp;La=1<\/a><\/p>\n\n\n\n<p><\/p>\n\n\n\n<p>Bei Interesse an einer Lesung \/ an einer DIA-Show k\u00f6nnen Sie sich gerne mit mir in Verbindung setzen (eMail: <a href=\"mailto:heinrich_pingel@t-online.de\">heinrich_pingel@t-online.de<\/a>, Mobil: 0176 64625982), um einen Termin zu vereinbaren.<\/p>\n","protected":false},"excerpt":{"rendered":"<p>Es geht wieder los. Nachdem 2020 und 2021 einige geplante Lesungen mit Bildervortrag coronabedingt abgesagt werden mussten. Vielen Dank an alle, die vor Ort in die Organisation der Veranstaltungen involviert waren. Hier nun die n\u00e4chsten Termine: N\u00e4chste Termine: Datum: 5. M\u00e4rz 2026, 20.00 Uhr Ort: 74321 Bietigheim-Bissingen, Fischerpfadd 36 (TSV-Gastst\u00e4tte) Veranstalter: BUND Kreivereinigung Ludwigsburg Datum: 8. M\u00e4rz 2026, 10.00 Uhr<\/p>\n","protected":false},"author":1,"featured_media":0,"parent":0,"menu_order":0,"comment_status":"closed","ping_status":"closed","template":"","meta":{"_exactmetrics_skip_tracking":false,"_exactmetrics_sitenote_active":false,"_exactmetrics_sitenote_note":"","_exactmetrics_sitenote_category":0,"footnotes":""},"_links":{"self":[{"href":"https:\/\/grenzgaengertour2018.de\/index.php?rest_route=\/wp\/v2\/pages\/1846"}],"collection":[{"href":"https:\/\/grenzgaengertour2018.de\/index.php?rest_route=\/wp\/v2\/pages"}],"about":[{"href":"https:\/\/grenzgaengertour2018.de\/index.php?rest_route=\/wp\/v2\/types\/page"}],"author":[{"embeddable":true,"href":"https:\/\/grenzgaengertour2018.de\/index.php?rest_route=\/wp\/v2\/users\/1"}],"replies":[{"embeddable":true,"href":"https:\/\/grenzgaengertour2018.de\/index.php?rest_route=%2Fwp%2Fv2%2Fcomments&post=1846"}],"version-history":[{"count":76,"href":"https:\/\/grenzgaengertour2018.de\/index.php?rest_route=\/wp\/v2\/pages\/1846\/revisions"}],"predecessor-version":[{"id":2015,"href":"https:\/\/grenzgaengertour2018.de\/index.php?rest_route=\/wp\/v2\/pages\/1846\/revisions\/2015"}],"wp:attachment":[{"href":"https:\/\/grenzgaengertour2018.de\/index.php?rest_route=%2Fwp%2Fv2%2Fmedia&parent=1846"}],"curies":[{"name":"wp","href":"https:\/\/api.w.org\/{rel}","templated":true}]}}