{"id":2,"date":"2016-05-10T03:48:21","date_gmt":"2016-05-10T03:48:21","guid":{"rendered":"http:\/\/grenzgaengertour2018.de\/?page_id=2"},"modified":"2019-11-12T20:59:46","modified_gmt":"2019-11-12T20:59:46","slug":"zur-person-und-zum-grenzgaenger-projekt","status":"publish","type":"page","link":"https:\/\/grenzgaengertour2018.de\/?page_id=2","title":{"rendered":"Zum Grenzg\u00e4nger-Projekt und zur Person&#8230;"},"content":{"rendered":"<p style=\"text-align: center;\"><strong>Neu:<\/strong><\/p>\n<p style=\"text-align: center;\"><strong>Buchver\u00f6ffentlichung <img decoding=\"async\" id=\"cc-m-textwithimage-image-9882036585\" class=\"aligncenter\" src=\"https:\/\/image.jimcdn.com\/app\/cms\/image\/transf\/dimension=260x1024:format=jpg\/path\/s310b302817ab9fbd\/image\/ia0ff1965f9415180\/version\/1573037501\/image.jpg\" sizes=\"(min-width: 260px) 260px, 100vw\" srcset=\"https:\/\/image.jimcdn.com\/app\/cms\/image\/transf\/dimension=260x1024:format=jpg\/path\/s310b302817ab9fbd\/image\/ia0ff1965f9415180\/version\/1573037501\/image.jpg 260w, https:\/\/image.jimcdn.com\/app\/cms\/image\/transf\/dimension=320x1024:format=jpg\/path\/s310b302817ab9fbd\/image\/ia0ff1965f9415180\/version\/1573037501\/image.jpg 320w, https:\/\/image.jimcdn.com\/app\/cms\/image\/transf\/dimension=520x1024:format=jpg\/path\/s310b302817ab9fbd\/image\/ia0ff1965f9415180\/version\/1573037501\/image.jpg 520w\" alt=\"\" data-src-width=\"678\" data-src-height=\"1012\" data-src=\"https:\/\/image.jimcdn.com\/app\/cms\/image\/transf\/dimension=260x1024:format=jpg\/path\/s310b302817ab9fbd\/image\/ia0ff1965f9415180\/version\/1573037501\/image.jpg\" data-image-id=\"6584686085\" \/><\/strong><\/p>\n<p style=\"text-align: center;\"><strong>&#8222;Grenzg\u00e4nger. Mit dem E-Bike 1.500 km entlang des Gr\u00fcnen Bandes. Eine lebensgeschichtliche Reise von Ost nach West und zur\u00fcck<\/strong><\/p>\n<p style=\"text-align: center;\">(erschienen im Oktober 2019 im <a href=\"https:\/\/www.hober-verlag.de\/verlagsprogramm\/\"><span style=\"color: #0000ff;\">Hober-Verlag<\/span><\/a>, Detmold)<\/p>\n<h6 style=\"text-align: center;\">Taschenbuch A5, 248 S., EUR: 14,99. ISBN: 978-3-947958-27-6<\/h6>\n<p style=\"text-align: center;\">Hardcover A5, 248 S., EUR: 19,99. ISBN 978-3-947958-<\/p>\n<p style=\"text-align: center;\">eBook, EUR: 8,99, erh\u00e4ltlich ab Dezember 2019<\/p>\n<hr \/>\n<p style=\"text-align: center;\">Rezension in der L\u00fcneburger Zeitung (8. November 2019)<\/p>\n<p style=\"text-align: center;\">Rezension in der Neuen Westf\u00e4lischen (9. November 2019)<\/p>\n<p style=\"text-align: center;\">Rezension in den L\u00fcbecker Nachrichten (9\/10. November 2019)<\/p>\n<hr \/>\n<p style=\"text-align: center;\"><strong>Artikel<\/strong><\/p>\n<p style=\"text-align: center;\">&#8222;<a href=\"https:\/\/www.naturfreunde.de\/mit-dem-elektro-bike-1400-kilometer-entlang-des-gruenen-bandes\"><span style=\"color: #0000ff;\"><strong>Mit dem Elektro-Bike 1.400 Kilometer entlang des Gr\u00fcnen Bandes&#8220; <\/strong><\/span><\/a><\/p>\n<p style=\"text-align: center;\"><a href=\"https:\/\/www.naturfreunde.de\/mit-dem-elektro-bike-1400-kilometer-entlang-des-gruenen-bandes\"><span style=\"color: #000000;\">(NATURFREUNDiN, 1\/2019)<\/span><\/a><\/p>\n<hr \/>\n<h2 style=\"text-align: center;\"><strong>Zum Projekt<\/strong><\/h2>\n<h4 style=\"text-align: center;\"><strong>Grenzg\u00e4nger-Tour 2018. Mit dem Fahrrad entlang des Gr\u00fcnen Bandes &#8211; eine Reise in die eigene Lebensgeschichte v<\/strong><strong>on Ost nach West und zur\u00fcck<\/strong><\/h4>\n<p>Papa, erz\u00e4hl mal \u2026! Wenige Monate vor seinem 70. Geburtstag, zehn Jahre nach einer niederschmetternden medizinischen Diagnose und wenige Monate nach einem schweren Verkehrsunfall begibt sich das ehemalige DDR-Fl\u00fcchtlingskind im Juli 2018 auf eine sechsw\u00f6chige\u00a0 Reise in die eigene Vergangenheit, mit dem E-Bike\u00a0 entlang des <span style=\"color: #0000ff;\"><a style=\"color: #0000ff;\" href=\"https:\/\/de.wikipedia.org\/wiki\/Gr%C3%BCnes_Band_Deutschland\">Gr\u00fcnen Bandes,<\/a><\/span> der fr\u00fcheren deutsch-deutschen Grenze. Geboren im katholischen Eichsfeld, als es noch die sowjetische Besatzungszone gab, eingeschult in der jungen DDR und \u2013 nach der Flucht mit seinem Vater in den Westen \u2013 gro\u00df \u00a0geworden in der Bundesrepublik Deutschland zieht der Autor seine pers\u00f6nliche Bilanz.<\/p>\n<p>Auf der Fahrt von Tschechien bis zur Ostsee trifft er auf Menschen, die diesseits und jenseits der ehemaligen Grenze gelebt haben bzw. leben und aus ihrem Blickwinkel von der jahrzehntelangen Teilung Deutschlands und ihrem Leben an der Zonengrenze bzw. der DDR-Staatsgrenze West berichten. So werden Erfahrungen, W\u00fcnsche und Hoffnungen vor und nach 1989 sichtbar, aber auch Entt\u00e4uschungen. Was ist nahezu 30 Jahre nach dem Fall der Berliner Mauer und dem Beseitigen des Stacheldrahts zwischen Ost und West aus den Menschen geworden? Existieren die Mauern und Gr\u00e4ben in den K\u00f6pfen immer noch oder schon wieder? Gab es und gibt es unterschiedliche Mentalit\u00e4ten? Wie gehen die verschiedenen Generationen mit der deutschen Teilung und Wiedervereinigung um?<\/p>\n<p>Gleichzeitig sind die insgesamt mehr als 1.500 Kilometer an der fr\u00fcheren Grenze eine Reise in die eigene Vergangenheit, aber auch ein Blick in Gegenwart und Zukunft. 1956 die Trennung von der in der DDR verbliebenen Mutter und den Br\u00fcdern, die ersten Jahre in der Bundesrepublik als Zirkuskind, sp\u00e4ter dann die 60er als Gymnasiast in einer verstaubten nieders\u00e4chsischen Kleinstadt pr\u00e4gen die Kindheit und Jugend des ehemaligen Fl\u00fcchtlingsjungen. Bundeswehr, Studium und linkspolitische Aktivit\u00e4ten in den 70er Jahren lassen ihn erwachsen werden. In all diesen Jahren h\u00e4lt er Kontakt zur DDR-Verwandtschaft und besucht diese, so oft es geht. Nach mehrj\u00e4hrigen Studien- und Forschungsaufenthalten in der Sowjetunion und in den USA beendet er schlie\u00dflich Anfang der 80er Jahre seine Lehr- und Wanderjahre und kehrt nach Deutschland zur\u00fcck.<\/p>\n<p>Die folgenden drei Jahrzehnte in einer ostwestf\u00e4lischen Kleinstadt sind gepr\u00e4gt durch seine T\u00e4tigkeit als P\u00e4dagoge und Historiker, das Auf und Ab in der \u00a0Familie, die Verantwortung f\u00fcr drei Kinder, DDR-Besuche bei der Mutter und den Br\u00fcdern vor und nach dem Fall der Berliner Mauer, aber auch durch sein Engagement in zahlreichen europ\u00e4ischen Projekten. Nach und nach w\u00e4chst in ihm die Erkenntnis, dass ihn die Verletzungen und Traumata der Kindheit einholen. Als er eine schockierende Diagnose erh\u00e4lt, die ihn erstmal aus der Bahn wirft, beginnt er sein Leben neu zu ordnen \u2026<\/p>\n<p>Auf seiner Reise entlang der alten innerdeutschen Grenze gelangt er auch wieder in das th\u00fcringische Eichsfeld, wo er mit den positiven und negativen Kindheitserinnerungen konfrontiert wird. In seinem Geburtsort <span style=\"color: #0000ff;\"><a style=\"color: #0000ff;\" href=\"https:\/\/de.wikipedia.org\/wiki\/Heilbad_Heiligenstadt\">Heiligenstadt<\/a><\/span> besucht er den Gedenkstein f\u00fcr seinen zu DDR-Zeiten von einem Mitglied der SED-Kreisleitung auf der Jagd erschossenen Gro\u00dfvater. Dort verpflichtet er sich, den genaueren Umst\u00e4nden dessen Todes nachzugehen \u2026<\/p>\n<p>So werden nahezu sieben Jahrzehnte deutsch-deutscher Geschichte aus dem Blickwinkel eines ehemaligen Fl\u00fcchtlingskindes, eines pers\u00f6nlichen und politischen Wanderers zwischen Ost und West, lebendig.<\/p>\n<p><img loading=\"lazy\" decoding=\"async\" class=\"alignright wp-image-23 size-full\" src=\"https:\/\/grenzgaengertour2018.de\/wp-content\/uploads\/2018\/07\/HPR.jpg\" alt=\"\" width=\"75\" height=\"107\" \/><\/p>\n<p><strong>\u00a0Zur Person:<br \/>\n<\/strong><\/p>\n<p><strong>Ver\u00f6ffentlichungen:<\/strong><\/p>\n<p>u. a. Henner Pingel:<span style=\"color: #0000ff;\"><a style=\"color: #0000ff;\" href=\"https:\/\/books.google.de\/books\/about\/Das_Jahr_1933_i_e_neunzehnhundertdreiund.html?id=JjseAAAAMAAJ&amp;redir_esc=y\"><em> Das Jahr 1933. NSDAP-Machtergreifung in Darmstadt und im Volksstaat Hessen<\/em><\/a><\/span> (Darmstadt, 1978);\u00a0<em><span style=\"color: #0000ff;\"><a style=\"color: #0000ff;\" href=\"https:\/\/www.discogs.com\/de\/Various-Osttangenten-Blues\/release\/10910069\">Osttangenten-Blues &#8230; und andere Darmst\u00e4dter Lieder gegen den Tritt\u00a0<\/a><\/span><\/em>(LP, Darmstadt, 1978 &#8211; Verleger). Heinrich Pingel-Rollmann: <span style=\"color: #0000ff;\"><a style=\"color: #0000ff;\" href=\"https:\/\/www.zvab.com\/servlet\/BookDetailsPL?bi=11826250896&amp;searchurl=hl%3Don%26tn%3Dwiderstand%2Bund%2Bverfolgung%2Bin%26sortby%3D20%26an%3Dpingel%2Brollmann\"><em>Widerstand und Verfolgung in Darmstadt und der Provinz Starkenburg 1933-1945<\/em><\/a><\/span> (Marburg\/Darmstadt, 1985). <em>European Industrialisation<\/em> (CD-ROM, EU-Projekt, Herford, 1998), <span style=\"color: #0000ff;\"><a style=\"color: #0000ff;\" href=\"https:\/\/www.amazon.de\/Erlebte-Geschichte-Nationalsozialismus-Wolf-Kaiser\/dp\/3060642699\"><em>Erlebte Geschichte \u2013 Nationalsozialismus<\/em> <\/a><\/span>(CD ROM, Cornelsen Verlag, 2002 &#8211; Co-Autor), Neue Medien im Unterricht (Aufs\u00e4tze), <span style=\"color: #0000ff;\"><a style=\"color: #0000ff;\" href=\"http:\/\/www.zweiseitendergeschichte.de\"><em>Zwei Seiten der Geschichte-Erinnern f\u00fcr eine gemeinsame Zukunft<\/em><\/a><\/span> (Webseite Oral-History Projekt, Verein Br\u00fccken Bauen e. V. , Herford, 2011 &#8211; Koordination )<\/p>\n<p><strong>Zeitplanung: <\/strong><\/p>\n<p>Recherche: Literatur, Medien, Archive (09\/2017 \u2013 04\/2018)<br \/>\nLebensbiographische Erinnerungen (01 &#8211; 04\/2018)<br \/>\nReise entlang der deutsch-deutschen Grenze (07-08\/2018)<br \/>\nFertigstellung Blog (12\/2018)<\/p>\n<p>Weitere Planung: Integration von Videos, multimediale Dia &#8211; Show, Buchver\u00f6ffentlichung<\/p>\n<p><strong>Kontakt:<\/strong><\/p>\n<p>Dr. Heinrich Pingel<br \/>\nGabriele-M\u00fcnter-Weg 6<br \/>\n32052 Herford<br \/>\nT: 05221 1278412<br \/>\nM: 0176 64625982<br \/>\nE: <a href=\"mailto:heinrich_pingel@t-online.de\"><span style=\"color: #0000ff;\">heinrich_pingel@t-online.de<\/span><\/a><\/p>\n<p><strong>S<\/strong>tand: 12.11.2019<\/p>\n","protected":false},"excerpt":{"rendered":"<p>Neu: Buchver\u00f6ffentlichung &#8222;Grenzg\u00e4nger. Mit dem E-Bike 1.500 km entlang des Gr\u00fcnen Bandes. Eine lebensgeschichtliche Reise von Ost nach West und zur\u00fcck (erschienen im Oktober 2019 im Hober-Verlag, Detmold) Taschenbuch A5, 248 S., EUR: 14,99. ISBN: 978-3-947958-27-6 Hardcover A5, 248 S., EUR: 19,99. ISBN 978-3-947958- eBook, EUR: 8,99, erh\u00e4ltlich ab Dezember 2019 Rezension in der L\u00fcneburger Zeitung (8. November 2019) Rezension<\/p>\n","protected":false},"author":1,"featured_media":0,"parent":0,"menu_order":0,"comment_status":"closed","ping_status":"closed","template":"","meta":{"_exactmetrics_skip_tracking":false,"_exactmetrics_sitenote_active":false,"_exactmetrics_sitenote_note":"","_exactmetrics_sitenote_category":0,"footnotes":""},"_links":{"self":[{"href":"https:\/\/grenzgaengertour2018.de\/index.php?rest_route=\/wp\/v2\/pages\/2"}],"collection":[{"href":"https:\/\/grenzgaengertour2018.de\/index.php?rest_route=\/wp\/v2\/pages"}],"about":[{"href":"https:\/\/grenzgaengertour2018.de\/index.php?rest_route=\/wp\/v2\/types\/page"}],"author":[{"embeddable":true,"href":"https:\/\/grenzgaengertour2018.de\/index.php?rest_route=\/wp\/v2\/users\/1"}],"replies":[{"embeddable":true,"href":"https:\/\/grenzgaengertour2018.de\/index.php?rest_route=%2Fwp%2Fv2%2Fcomments&post=2"}],"version-history":[{"count":42,"href":"https:\/\/grenzgaengertour2018.de\/index.php?rest_route=\/wp\/v2\/pages\/2\/revisions"}],"predecessor-version":[{"id":1832,"href":"https:\/\/grenzgaengertour2018.de\/index.php?rest_route=\/wp\/v2\/pages\/2\/revisions\/1832"}],"wp:attachment":[{"href":"https:\/\/grenzgaengertour2018.de\/index.php?rest_route=%2Fwp%2Fv2%2Fmedia&parent=2"}],"curies":[{"name":"wp","href":"https:\/\/api.w.org\/{rel}","templated":true}]}}